{"id":1233,"date":"2021-12-06T15:17:30","date_gmt":"2021-12-06T14:17:30","guid":{"rendered":"https:\/\/www.laengles.at\/wordpress\/?page_id=1233"},"modified":"2026-03-10T18:47:14","modified_gmt":"2026-03-10T17:47:14","slug":"mag-heinz-laengle","status":"publish","type":"page","link":"https:\/\/www.laengles.at\/wordpress\/","title":{"rendered":"Mag. Heinz L\u00e4ngle"},"content":{"rendered":"\n<h2 class=\"wp-block-heading has-text-align-left has-text-color\" id=\"therapie\" style=\"color:#2f286d\"><strong>Therapie<\/strong><\/h2>\n\n\n\n<p class=\"has-text-align-left has-white-color has-text-color has-background\" style=\"background-color:#2f286d;font-size:17px\">Meine Aufgabe als Therapeut sehe ich darin, Klient:innen zu unterst\u00fctzen, ihre Ziele oder Sehns\u00fcchte zu definieren und die daf\u00fcr notwendigen Ver\u00e4nderungsprozesse zu begleiten. Wir Menschen sind in Beziehungen eingebettet. Probleme und deren L\u00f6sungen werden auch in Zusammenhang mit dem sozialen Umfeld gesehen.<\/p>\n\n\n\n<p><\/p>\n\n\n\n<div style=\"height:20px\" aria-hidden=\"true\" class=\"wp-block-spacer\"><\/div>\n\n\n\n<div class=\"wp-block-columns is-layout-flex wp-container-core-columns-is-layout-9d6595d7 wp-block-columns-is-layout-flex\">\n<div class=\"wp-block-column has-black-color has-white-background-color has-text-color has-background is-layout-flow wp-block-column-is-layout-flow\">\n<div class=\"wp-block-columns is-layout-flex wp-container-core-columns-is-layout-9d6595d7 wp-block-columns-is-layout-flex\">\n<div class=\"wp-block-column is-vertically-aligned-top has-black-color has-white-background-color has-text-color has-background is-layout-flow wp-block-column-is-layout-flow\">\n<figure class=\"wp-block-image size-large is-style-default\"><img loading=\"lazy\" decoding=\"async\" width=\"1024\" height=\"683\" src=\"https:\/\/www.laengles.at\/wordpress\/wp-content\/uploads\/2021\/12\/systemisch-1024x683.jpg\" alt=\"\" class=\"wp-image-1309\" srcset=\"https:\/\/www.laengles.at\/wordpress\/wp-content\/uploads\/2021\/12\/systemisch-1024x683.jpg 1024w, https:\/\/www.laengles.at\/wordpress\/wp-content\/uploads\/2021\/12\/systemisch-300x200.jpg 300w, https:\/\/www.laengles.at\/wordpress\/wp-content\/uploads\/2021\/12\/systemisch-768x513.jpg 768w, https:\/\/www.laengles.at\/wordpress\/wp-content\/uploads\/2021\/12\/systemisch.jpg 1500w\" sizes=\"auto, (max-width: 1024px) 100vw, 1024px\" \/><\/figure>\n\n\n\n<h2 class=\"wp-block-heading has-text-align-left has-text-color\" id=\"systemische-therapie\" style=\"color:#2f286d\"><strong>Systemische Therapie<\/strong><\/h2>\n\n\n\n<p class=\"has-text-align-left has-black-color has-text-color\" style=\"font-size:17px\">Oftmals geht es in der therapeutischen Arbeit um das Erkennen von Denk &#8211; und Verhaltensmustern. Das Aktivieren und Erweitern der eigenen St\u00e4rken und F\u00e4higkeiten hilft dabei, die Lebensqualit\u00e4t zu verbessern.<\/p>\n<\/div>\n\n\n\n<div class=\"wp-block-column has-black-color has-white-background-color has-text-color has-background is-layout-flow wp-block-column-is-layout-flow\">\n<figure class=\"wp-block-gallery has-nested-images columns-default is-cropped wp-block-gallery-1 is-layout-flex wp-block-gallery-is-layout-flex\">\n<figure class=\"wp-block-image size-large\"><img loading=\"lazy\" decoding=\"async\" width=\"1024\" height=\"683\" data-id=\"1310\" src=\"https:\/\/www.laengles.at\/wordpress\/wp-content\/uploads\/2021\/12\/trauma-1024x683.jpg\" alt=\"\" class=\"wp-image-1310\" srcset=\"https:\/\/www.laengles.at\/wordpress\/wp-content\/uploads\/2021\/12\/trauma-1024x683.jpg 1024w, https:\/\/www.laengles.at\/wordpress\/wp-content\/uploads\/2021\/12\/trauma-300x200.jpg 300w, https:\/\/www.laengles.at\/wordpress\/wp-content\/uploads\/2021\/12\/trauma-768x513.jpg 768w, https:\/\/www.laengles.at\/wordpress\/wp-content\/uploads\/2021\/12\/trauma.jpg 1500w\" sizes=\"auto, (max-width: 1024px) 100vw, 1024px\" \/><\/figure>\n<\/figure>\n\n\n\n<h2 class=\"wp-block-heading has-text-align-left has-text-color\" id=\"emdr-traumatherapie\" style=\"color:#2f286d\"><strong>EMDR &#8211; Traumatherapie<\/strong><\/h2>\n\n\n\n<p class=\"has-text-align-left has-black-color has-text-color\" style=\"font-size:17px\">Diese traumabearbeitende Psychotherapiemethode&nbsp;wird weltweit erfolgreich in der Behandlung von Belastungen infolge von traumatischen Erlebnissen eingesetzt.<\/p>\n<\/div>\n<\/div>\n<\/div>\n<\/div>\n\n\n\n<div class=\"wp-block-group\"><div class=\"wp-block-group__inner-container is-layout-flow wp-block-group-is-layout-flow\">\n<div class=\"wp-block-buttons is-layout-flex wp-block-buttons-is-layout-flex\">\n\n<\/div>\n\n\n\n<div class=\"wp-block-group\"><div class=\"wp-block-group__inner-container is-layout-flow wp-block-group-is-layout-flow\">\n<div class=\"wp-block-columns is-layout-flex wp-container-core-columns-is-layout-9d6595d7 wp-block-columns-is-layout-flex\">\n<div class=\"wp-block-column is-layout-flow wp-block-column-is-layout-flow\">\n<figure class=\"wp-block-image size-large\"><img loading=\"lazy\" decoding=\"async\" width=\"1024\" height=\"683\" src=\"https:\/\/www.laengles.at\/wordpress\/wp-content\/uploads\/2021\/12\/zaubern-1024x683.jpg\" alt=\"\" class=\"wp-image-1311\" srcset=\"https:\/\/www.laengles.at\/wordpress\/wp-content\/uploads\/2021\/12\/zaubern-1024x683.jpg 1024w, https:\/\/www.laengles.at\/wordpress\/wp-content\/uploads\/2021\/12\/zaubern-300x200.jpg 300w, https:\/\/www.laengles.at\/wordpress\/wp-content\/uploads\/2021\/12\/zaubern-768x513.jpg 768w, https:\/\/www.laengles.at\/wordpress\/wp-content\/uploads\/2021\/12\/zaubern.jpg 1500w\" sizes=\"auto, (max-width: 1024px) 100vw, 1024px\" \/><\/figure>\n\n\n\n<h2 class=\"wp-block-heading has-text-align-left has-text-color\" id=\"therapeutisches-zaubern-fur-kinder\" style=\"color:#2f286d\"><strong cellpadding=\"20\">Therapeutisches Zaubern f\u00fcr Kinder<\/strong><\/h2>\n\n\n\n<p class=\"has-text-align-left has-black-color has-text-color\" style=\"font-size:17px\">Zaubern f\u00f6rdert ein positives Selbstwertgef\u00fchl, es st\u00e4rkt die Konzentration, unterst\u00fctzt die Kreativit\u00e4t und macht Spa\u00df.<\/p>\n<\/div>\n\n\n\n<div class=\"wp-block-column is-layout-flow wp-block-column-is-layout-flow\">\n<figure class=\"wp-block-image size-large\"><img loading=\"lazy\" decoding=\"async\" width=\"1024\" height=\"683\" src=\"https:\/\/www.laengles.at\/wordpress\/wp-content\/uploads\/2021\/12\/kinderjugend-1024x683.jpg\" alt=\"\" class=\"wp-image-1312\" srcset=\"https:\/\/www.laengles.at\/wordpress\/wp-content\/uploads\/2021\/12\/kinderjugend-1024x683.jpg 1024w, https:\/\/www.laengles.at\/wordpress\/wp-content\/uploads\/2021\/12\/kinderjugend-300x200.jpg 300w, https:\/\/www.laengles.at\/wordpress\/wp-content\/uploads\/2021\/12\/kinderjugend-768x513.jpg 768w, https:\/\/www.laengles.at\/wordpress\/wp-content\/uploads\/2021\/12\/kinderjugend.jpg 1500w\" sizes=\"auto, (max-width: 1024px) 100vw, 1024px\" \/><\/figure>\n\n\n\n<h2 class=\"wp-block-heading has-text-align-left has-text-color\" id=\"kinder-und-jugendlichentherapie\" style=\"color:#2f286d\"><strong>Kinder- und Jugendlichentherapie<\/strong><\/h2>\n\n\n\n<p class=\"has-text-align-left has-black-color has-text-color\" style=\"font-size:17px\">Die therapeutische Arbeit mit Kindern und deren Bezugspersonen wird gemeinsam gestaltet.<\/p>\n<\/div>\n<\/div>\n<\/div><\/div>\n<\/div><\/div>\n\n\n\n<div class=\"wp-block-group\"><div class=\"wp-block-group__inner-container is-layout-flow wp-block-group-is-layout-flow\">\n<div class=\"wp-block-columns is-layout-flex wp-container-core-columns-is-layout-9d6595d7 wp-block-columns-is-layout-flex\">\n<div class=\"wp-block-column is-layout-flow wp-block-column-is-layout-flow\">\n<figure class=\"wp-block-image size-large\"><img loading=\"lazy\" decoding=\"async\" width=\"1024\" height=\"683\" src=\"https:\/\/www.laengles.at\/wordpress\/wp-content\/uploads\/2021\/12\/zaubern-1024x683.jpg\" alt=\"\" class=\"wp-image-1311\" srcset=\"https:\/\/www.laengles.at\/wordpress\/wp-content\/uploads\/2021\/12\/zaubern-1024x683.jpg 1024w, https:\/\/www.laengles.at\/wordpress\/wp-content\/uploads\/2021\/12\/zaubern-300x200.jpg 300w, https:\/\/www.laengles.at\/wordpress\/wp-content\/uploads\/2021\/12\/zaubern-768x513.jpg 768w, https:\/\/www.laengles.at\/wordpress\/wp-content\/uploads\/2021\/12\/zaubern.jpg 1500w\" sizes=\"auto, (max-width: 1024px) 100vw, 1024px\" \/><\/figure>\n\n\n\n<h2 class=\"wp-block-heading has-text-align-left has-text-color\" id=\"therapeutisches-zaubern-fur-kinder\" style=\"color:#2f286d\"><strong>Supervision<\/strong><\/h2>\n\n\n\n<p class=\"has-text-align-left has-black-color has-text-color\" style=\"font-size:17px\">Supervision ist eine Form der Beratung f\u00fcr F\u00fchrungskr\u00e4fte und Mitarbeiter:innen, sowie zur Begleitung von Teams. Sie dient zur Reflexion des eigenen Handelns und zur Qualit\u00e4tssicherung.<\/p>\n<\/div>\n\n\n\n<div class=\"wp-block-column is-layout-flow wp-block-column-is-layout-flow\">\n<h2 class=\"wp-block-heading\"><\/h2>\n\n\n\n<p class=\"has-text-align-left\"><\/p>\n<\/div>\n<\/div>\n<\/div><\/div>\n\n\n\n<h2 class=\"wp-block-heading\"><\/h2>\n\n\n\n<figure class=\"wp-block-pullquote has-text-color\" style=\"color:#db8a0a\"><blockquote><p><strong>Die Dinge sind nie so wie sie sind. Sie sind immer das, was man aus ihnen macht.<\/strong><\/p><cite><em>Jean Anouilh<\/em><\/cite><\/blockquote><\/figure>\n\n\n\n<div style=\"height:10px\" aria-hidden=\"true\" class=\"wp-block-spacer\"><\/div>\n\n\n\n<div class=\"wp-block-media-text alignwide is-stacked-on-mobile\"><figure class=\"wp-block-media-text__media\"><img loading=\"lazy\" decoding=\"async\" width=\"554\" height=\"624\" src=\"https:\/\/www.laengles.at\/wordpress\/wp-content\/uploads\/2021\/12\/heinz1.jpg\" alt=\"\" class=\"wp-image-1359 size-full\" srcset=\"https:\/\/www.laengles.at\/wordpress\/wp-content\/uploads\/2021\/12\/heinz1.jpg 554w, https:\/\/www.laengles.at\/wordpress\/wp-content\/uploads\/2021\/12\/heinz1-266x300.jpg 266w\" sizes=\"auto, (max-width: 554px) 100vw, 554px\" \/><\/figure><div class=\"wp-block-media-text__content\">\n<p class=\"has-text-align-left has-text-color\" style=\"color:#2f286d\"><\/p>\n\n\n\n<h2 class=\"wp-block-heading has-text-align-left has-text-color\" style=\"color:#2f286d\"><strong>\u00dcber mich<\/strong><\/h2>\n\n\n\n<p class=\"has-text-align-left has-black-color has-text-color\" style=\"font-size:17px\">Ich bin geb\u00fcrtiger Vorarlberger, Trompetenspieler, Camper und Genie\u00dfer<\/p>\n\n\n\n<p class=\"has-text-align-left has-black-color has-text-color\" style=\"font-size:17px\"><strong>Ausbildung<\/strong><\/p>\n\n\n\n<p class=\"has-text-align-left has-black-color has-text-color\" style=\"font-size:17px\">Psychologiestudium an der Universit\u00e4t Wien<br><br>Klinischer Psychologe, Gesundheitspsychologe<br><br>Psychotherapeut &#8211; Systemische Familientherapie<br><br>EMDR-Therapeut<br><br>Kinder- und Jugendlichen Psychotherapeut<\/p>\n<\/div><\/div>\n\n\n\n<div style=\"height:162px\" aria-hidden=\"true\" class=\"wp-block-spacer\"><\/div>\n\n\n\n<div class=\"wp-block-media-text alignwide has-media-on-the-right is-stacked-on-mobile\"><div class=\"wp-block-media-text__content\">\n<p class=\"has-text-color has-large-font-size\" id=\"kontakt_\" style=\"color:#2f286d\"><\/p>\n\n\n\n<h2 class=\"wp-block-heading has-text-align-left has-text-color\" id=\"kontakt_1\" style=\"color:#2f286d\"><strong>Kontakt<\/strong><\/h2>\n\n\n\n<div style=\"height:19px\" aria-hidden=\"true\" class=\"wp-block-spacer\"><\/div>\n\n\n\n<p class=\"has-text-align-left has-black-color has-text-color\" style=\"font-size:17px\">Praxisadresse: <\/p>\n\n\n\n<p class=\"has-text-align-left has-black-color has-text-color\" style=\"font-size:17px\">Mag. Heinz L\u00e4ngle<br>Parkplatz: Kollstatt 7<\/p>\n\n\n\n<p class=\"has-text-align-left has-black-color has-text-color\" style=\"font-size:17px\">(hinterer Eingang gro\u00dfes Tor)<\/p>\n\n\n\n<p class=\"has-text-align-left has-black-color has-text-color\" style=\"font-size:17px\">Sackgasse 1<\/p>\n\n\n\n<p class=\"has-text-align-left has-black-color has-text-color\" style=\"font-size:17px\">2221 Gro\u00df-Schweinbarth<\/p>\n\n\n\n<p class=\"has-black-color has-text-color\" style=\"font-size:17px\"><br>Telefon: 0699 17893498<br>Mail: <a href=\"mailto:h.laengle@gmail.com\" target=\"_blank\" rel=\"noreferrer noopener\">h.laengle@gmail.com<\/a><\/p>\n<\/div><figure class=\"wp-block-media-text__media\"><img loading=\"lazy\" decoding=\"async\" width=\"1024\" height=\"683\" src=\"https:\/\/www.laengles.at\/wordpress\/wp-content\/uploads\/2021\/12\/DSC_0560-1024x683.jpg\" alt=\"\" class=\"wp-image-1327 size-full\" srcset=\"https:\/\/www.laengles.at\/wordpress\/wp-content\/uploads\/2021\/12\/DSC_0560-1024x683.jpg 1024w, https:\/\/www.laengles.at\/wordpress\/wp-content\/uploads\/2021\/12\/DSC_0560-300x200.jpg 300w, https:\/\/www.laengles.at\/wordpress\/wp-content\/uploads\/2021\/12\/DSC_0560-768x513.jpg 768w, https:\/\/www.laengles.at\/wordpress\/wp-content\/uploads\/2021\/12\/DSC_0560.jpg 1500w\" sizes=\"auto, (max-width: 1024px) 100vw, 1024px\" \/><\/figure><\/div>\n\n\n\n<div style=\"height:100px\" aria-hidden=\"true\" class=\"wp-block-spacer\"><\/div>\n\n\n\n<div style=\"height:123px\" aria-hidden=\"true\" class=\"wp-block-spacer\"><\/div>\n\n\n\n<h2 class=\"wp-block-heading\" id=\"impressum\">Impressum<\/h2>\n\n\n\n<p class=\"has-black-color has-text-color\" style=\"font-size:17px\">Praxis Mag. Heinz L\u00e4ngle<br>Matzner-Str. 20,<br>A-2221 Gro\u00df-Schweinbarth<\/p>\n\n\n\n<p>Praxisadresse: Sackgasse 1,<\/p>\n\n\n\n<p>A-2221 Gro\u00df-Schweinbarth<\/p>\n\n\n\n<p class=\"has-black-color has-text-color\" style=\"font-size:17px\">Telefon: 0699 17893498<\/p>\n\n\n\n<p class=\"has-black-color has-text-color\" style=\"font-size:17px\">Mail: h.laengle@gmail.com<\/p>\n\n\n\n<p class=\"has-black-color has-text-color\" style=\"font-size:17px\">Eingetragen in der Liste der Klinischen Psychologen, Gesundheitspsychologen und Psychotherapeuten beim BMGF<\/p>\n\n\n\n<p style=\"font-size:17px\"><a href=\"http:\/\/www.therapeutisches-zaubern.de\/\" target=\"_blank\" rel=\"noreferrer noopener\">Therapeutisches Zaubern nach Annalisa Neumayer<\/a><\/p>\n\n\n\n<p class=\"has-black-color has-text-color\" style=\"font-size:17px\">F\u00fcr die Richtigkeit und Vollst\u00e4ndigkeit der gebotenen Informationen auf dieser Homepage und f\u00fcr die Inhalte aller Links, die zu diversen anderen Seiten f\u00fchren, wird keine Gew\u00e4hr \u00fcbernommen.<\/p>\n\n\n\n<p class=\"has-black-color has-text-color\">Alle Rechte vorbehalten.<\/p>\n","protected":false},"excerpt":{"rendered":"<p>Therapie Meine Aufgabe als Therapeut sehe ich darin, Klient:innen zu unterst\u00fctzen, ihre Ziele oder Sehns\u00fcchte zu definieren und die daf\u00fcr notwendigen Ver\u00e4nderungsprozesse zu begleiten. Wir Menschen sind in Beziehungen eingebettet. Probleme und deren L\u00f6sungen werden auch in Zusammenhang mit dem sozialen Umfeld gesehen. Systemische Therapie Oftmals geht es in der therapeutischen Arbeit um das Erkennen [&hellip;]<\/p>\n","protected":false},"author":1,"featured_media":1300,"parent":0,"menu_order":0,"comment_status":"closed","ping_status":"closed","template":"","meta":{"footnotes":""},"class_list":["post-1233","page","type-page","status-publish","has-post-thumbnail","hentry"],"_links":{"self":[{"href":"https:\/\/www.laengles.at\/wordpress\/index.php?rest_route=\/wp\/v2\/pages\/1233","targetHints":{"allow":["GET"]}}],"collection":[{"href":"https:\/\/www.laengles.at\/wordpress\/index.php?rest_route=\/wp\/v2\/pages"}],"about":[{"href":"https:\/\/www.laengles.at\/wordpress\/index.php?rest_route=\/wp\/v2\/types\/page"}],"author":[{"embeddable":true,"href":"https:\/\/www.laengles.at\/wordpress\/index.php?rest_route=\/wp\/v2\/users\/1"}],"replies":[{"embeddable":true,"href":"https:\/\/www.laengles.at\/wordpress\/index.php?rest_route=%2Fwp%2Fv2%2Fcomments&post=1233"}],"version-history":[{"count":0,"href":"https:\/\/www.laengles.at\/wordpress\/index.php?rest_route=\/wp\/v2\/pages\/1233\/revisions"}],"wp:featuredmedia":[{"embeddable":true,"href":"https:\/\/www.laengles.at\/wordpress\/index.php?rest_route=\/wp\/v2\/media\/1300"}],"wp:attachment":[{"href":"https:\/\/www.laengles.at\/wordpress\/index.php?rest_route=%2Fwp%2Fv2%2Fmedia&parent=1233"}],"curies":[{"name":"wp","href":"https:\/\/api.w.org\/{rel}","templated":true}]}}